{"id":4641,"date":"2022-10-18T14:41:04","date_gmt":"2022-10-18T11:41:04","guid":{"rendered":"https:\/\/s-r-c.com.tr\/jetyeni\/?page_id=4641"},"modified":"2022-10-18T15:11:51","modified_gmt":"2022-10-18T12:11:51","slug":"filo","status":"publish","type":"page","link":"http:\/\/turkeyambulance.com\/en\/?page_id=4641","title":{"rendered":"Filo"},"content":{"rendered":"<p>[vc_row][vc_column width=&#8221;1\/3&#8243;]<div class=\"\"><div class=\"service-hover1\"><div class=\"service-box section-style1\"><div class=\"service-image\"><img decoding=\"async\" src=\"http:\/\/turkeyambulance.com\/en\/wp-content\/uploads\/2022\/10\/falcon.jpg\" alt=\"Image\" \/><\/div><div class=\"service-head\"><h4><a class=\"section-more\" href=\"\" title=\"\" target=\"\">Falcon 8x<\/a><\/h4><\/div><div class=\"service-description\"><p>Dassault \u00fcretimi, uzun menzilli bir geni\u015f kabin \u00f6zel jettir. Yenilik\u00e7i \u00fc\u00e7-motor sayesinde 104 knot kadar yava\u015f h\u0131zlarda yakla\u015fma yapabiliyor ve daha g\u00fcvenli bir u\u00e7u\u015f sunabiliyor.<\/p><\/div><\/div><\/div><\/div>[\/vc_column][vc_column width=&#8221;1\/3&#8243;]<div class=\"\"><div class=\"service-hover1\"><div class=\"service-box section-style1\"><div class=\"service-image\"><img decoding=\"async\" src=\"http:\/\/turkeyambulance.com\/en\/wp-content\/uploads\/2022\/10\/gulfstream.jpg\" alt=\"Image\" \/><\/div><div class=\"service-head\"><h4><a class=\"section-more\" href=\"\" title=\"\" target=\"\">Gulfstream G600<\/a><\/h4><\/div><div class=\"service-description\"><p>S\u0131n\u0131f\u0131nda en iyi rahatl\u0131\u011f\u0131, yak\u0131t verimlili\u011fini ve y\u00fcksek h\u0131zda bile s\u00fcper g\u00f6r\u00fc\u015f mesafesi sunan ultra uzun g\u00f6r\u00fc\u015fl\u00fc G600 ile ticari havac\u0131l\u0131k alan\u0131nda bir d\u00f6n\u00fcm noktas\u0131 olmu\u015ftur.<\/p><\/div><\/div><\/div><\/div>[\/vc_column][vc_column width=&#8221;1\/3&#8243;]<div class=\"\"><div class=\"service-hover1\"><div class=\"service-box section-style1\"><div class=\"service-image\"><img decoding=\"async\" src=\"http:\/\/turkeyambulance.com\/en\/wp-content\/uploads\/2022\/10\/cessna.jpg\" alt=\"Image\" \/><\/div><div class=\"service-head\"><h4><a class=\"section-more\" href=\"\" title=\"\" target=\"\">Cessna Citation 550<\/a><\/h4><\/div><div class=\"service-description\"><p>Cessna Citation 550 Bravo, b\u00fcy\u00fck bir grup veya 5-7 ki\u015filik bir aile olarak seyahat ederken kiralayabilece\u011finiz en uygun maliyetli hafif jetlerden birisidir.<\/p><\/div><\/div><\/div><\/div>[\/vc_column][\/vc_row][vc_row][vc_column width=&#8221;1\/3&#8243;]<div class=\"\"><div class=\"service-hover1\"><div class=\"service-box section-style1\"><div class=\"service-image\"><img decoding=\"async\" src=\"http:\/\/turkeyambulance.com\/en\/wp-content\/uploads\/2022\/10\/havker.jpg\" alt=\"Image\" \/><\/div><div class=\"service-head\"><h4><a class=\"section-more\" href=\"\" title=\"\" target=\"\">Hawker 400XP<\/a><\/h4><\/div><div class=\"service-description\"><p>Hawker 400XP, Hawker Beechcraft taraf\u0131ndan \u00fcretilen, 7 koltuk say\u0131s\u0131na sahip, 2222 km menziliyle 2,5 saate kadar u\u00e7u\u015flarda kullan\u0131lan bir Hafif Jettir.<\/p><\/div><\/div><\/div><\/div>[\/vc_column][vc_column width=&#8221;1\/3&#8243;]<div class=\"\"><div class=\"service-hover1\"><div class=\"service-box section-style1\"><div class=\"service-image\"><img decoding=\"async\" src=\"http:\/\/turkeyambulance.com\/en\/wp-content\/uploads\/2022\/10\/g450.jpg\" alt=\"Image\" \/><\/div><div class=\"service-head\"><h4><a class=\"section-more\" href=\"\" title=\"\" target=\"\">Gulfstream G450<\/a><\/h4><\/div><div class=\"service-description\"><p>S\u0131n\u0131f\u0131ndaki en iyi geni\u015f kabinli, uzun menzilli i\u015f jeti de\u011fil, ayn\u0131 zamanda d\u00fcnyan\u0131n en \u00e7ok satan i\u015f jeti olan GIV serisi u\u00e7aklar\u0131n do\u011frudan soyundan geliyor.<\/p><\/div><\/div><\/div><\/div>[\/vc_column][vc_column width=&#8221;1\/3&#8243;]<div class=\"\"><div class=\"service-hover1\"><div class=\"service-box section-style1\"><div class=\"service-image\"><img decoding=\"async\" src=\"http:\/\/turkeyambulance.com\/en\/wp-content\/uploads\/2022\/10\/Bombardier-Global-5000.jpg\" alt=\"Image\" \/><\/div><div class=\"service-head\"><h4><a class=\"section-more\" href=\"\" title=\"\" target=\"\">Bombardier Global 5000<\/a><\/h4><\/div><div class=\"service-description\"><p>\u00d6zel u\u00e7ak kategorisinde uzun menzilli jet s\u0131n\u0131f\u0131ndad\u0131r. Global Express XRS\u2019in daha k\u00fc\u00e7\u00fck bir versiyonudur. 5000 millik uzun bir u\u00e7u\u015f yelpazesi sunmaktad\u0131r.<\/p><\/div><\/div><\/div><\/div>[\/vc_column][\/vc_row][vc_row][vc_column][vc_separator][\/vc_column][\/vc_row]<\/p>\n","protected":false},"excerpt":{"rendered":"<p>[vc_row][vc_column width=&#8221;1\/3&#8243;][\/vc_column][vc_column width=&#8221;1\/3&#8243;][\/vc_column][vc_column width=&#8221;1\/3&#8243;][\/vc_column][\/vc_row][vc_row][vc_column width=&#8221;1\/3&#8243;][\/vc_column][vc_column width=&#8221;1\/3&#8243;][\/vc_column][vc_column width=&#8221;1\/3&#8243;][\/vc_column][\/vc_row][vc_row][vc_column][vc_separator][\/vc_column][\/vc_row]<\/p>\n","protected":false},"author":1,"featured_media":0,"parent":0,"menu_order":0,"comment_status":"closed","ping_status":"closed","template":"","meta":{"_joinchat":[],"footnotes":""},"class_list":["post-4641","page","type-page","status-publish","hentry"],"_links":{"self":[{"href":"http:\/\/turkeyambulance.com\/en\/index.php?rest_route=\/wp\/v2\/pages\/4641","targetHints":{"allow":["GET"]}}],"collection":[{"href":"http:\/\/turkeyambulance.com\/en\/index.php?rest_route=\/wp\/v2\/pages"}],"about":[{"href":"http:\/\/turkeyambulance.com\/en\/index.php?rest_route=\/wp\/v2\/types\/page"}],"author":[{"embeddable":true,"href":"http:\/\/turkeyambulance.com\/en\/index.php?rest_route=\/wp\/v2\/users\/1"}],"replies":[{"embeddable":true,"href":"http:\/\/turkeyambulance.com\/en\/index.php?rest_route=%2Fwp%2Fv2%2Fcomments&post=4641"}],"version-history":[{"count":24,"href":"http:\/\/turkeyambulance.com\/en\/index.php?rest_route=\/wp\/v2\/pages\/4641\/revisions"}],"predecessor-version":[{"id":4672,"href":"http:\/\/turkeyambulance.com\/en\/index.php?rest_route=\/wp\/v2\/pages\/4641\/revisions\/4672"}],"wp:attachment":[{"href":"http:\/\/turkeyambulance.com\/en\/index.php?rest_route=%2Fwp%2Fv2%2Fmedia&parent=4641"}],"curies":[{"name":"wp","href":"https:\/\/api.w.org\/{rel}","templated":true}]}}